{"id":62,"date":"2023-06-26T07:19:36","date_gmt":"2023-06-26T07:19:36","guid":{"rendered":"https:\/\/test.olgawood.pl\/?page_id=62"},"modified":"2025-05-21T07:45:47","modified_gmt":"2025-05-21T07:45:47","slug":"kontakt","status":"publish","type":"page","link":"https:\/\/olgawood.pl\/pl_PL\/kontakt\/","title":{"rendered":"Kontakt"},"content":{"rendered":"<section class=\"wpb-content-wrapper\">[mk_page_section bg_image=&#8221;https:\/\/olgawood.pl\/wp-content\/uploads\/2023\/07\/olga-meble-home.jpg&#8221; bg_color=&#8221;#eeeeee&#8221; attachment=&#8221;fixed&#8221; bg_position=&#8221;center top&#8221; bg_stretch=&#8221;true&#8221; video_color_mask=&#8221;#582e07&#8243; video_opacity=&#8221;0.75&#8243; min_height=&#8221;250&#8243; full_width=&#8221;true&#8221; js_vertical_centered=&#8221;true&#8221; padding_top=&#8221;0&#8243; padding_bottom=&#8221;0&#8243; sidebar=&#8221;sidebar-1&#8243;][vc_column][vc_row_inner][vc_column_inner][mk_ornamental_title text_color=&#8221;#ffffff&#8221; font_family=&#8221;none&#8221; font_size=&#8221;36&#8243; font_weight=&#8221;300&#8243; ornament_style=&#8221;norman-short-single&#8221; nss_align=&#8221;center&#8221; margin_bottom=&#8221;0&#8243;]KONTAKT[\/mk_ornamental_title][\/vc_column_inner][\/vc_row_inner][\/vc_column][\/mk_page_section][mk_page_section attachment=&#8221;fixed&#8221; bg_position=&#8221;center top&#8221; bg_stretch=&#8221;true&#8221; video_color_mask=&#8221;#ffffff&#8221; video_opacity=&#8221;0.9&#8243; sidebar=&#8221;sidebar-1&#8243;][vc_column][mk_padding_divider][vc_row_inner is_fullwidth_content=&#8221;false&#8221; el_class=&#8221;contact-box&#8221;][vc_column_inner width=&#8221;1\/3&#8243;][mk_fancy_title color=&#8221;#582e07&#8243; size=&#8221;30&#8243; force_font_size=&#8221;true&#8221; size_smallscreen=&#8221;30&#8243; size_tablet=&#8221;30&#8243; size_phone=&#8221;30&#8243; font_weight=&#8221;300&#8243; margin_bottom=&#8221;0&#8243; font_family=&#8221;none&#8221; align=&#8221;center&#8221;]Dane Firmy[\/mk_fancy_title][mk_icon_box icon=&#8221;mk-moon-calendar-2&#8243; style=&#8221;boxed&#8221; icon_location=&#8221;top&#8221; icon_color=&#8221;#ffffff&#8221; margin=&#8221;20&#8243;]\n<div class=\"et_pb_blurb_description\">\n<p>OLGA Sp. z o.o.<br \/>\nNIP 6030081466<br \/>\nREGON 522190580<br \/>\nKRS 0000973277<\/p>\n<\/div>\n[\/mk_icon_box][\/vc_column_inner][vc_column_inner width=&#8221;1\/3&#8243;][mk_fancy_title color=&#8221;#582e07&#8243; size=&#8221;30&#8243; force_font_size=&#8221;true&#8221; size_smallscreen=&#8221;30&#8243; size_tablet=&#8221;30&#8243; size_phone=&#8221;30&#8243; font_weight=&#8221;300&#8243; margin_bottom=&#8221;0&#8243; font_family=&#8221;none&#8221; align=&#8221;center&#8221;]Siedziba Firmy[\/mk_fancy_title][mk_icon_box icon=&#8221;mk-icon-map-marker&#8221; style=&#8221;boxed&#8221; icon_location=&#8221;top&#8221; icon_color=&#8221;#ffffff&#8221; margin=&#8221;20&#8243;]Dubiny ul. Szkolna 3<br \/>\n17-200 Hajn\u00f3wka[\/mk_icon_box][\/vc_column_inner][vc_column_inner width=&#8221;1\/3&#8243;][mk_fancy_title color=&#8221;#582e07&#8243; size=&#8221;30&#8243; force_font_size=&#8221;true&#8221; size_smallscreen=&#8221;30&#8243; size_tablet=&#8221;30&#8243; size_phone=&#8221;30&#8243; font_weight=&#8221;300&#8243; margin_bottom=&#8221;0&#8243; font_family=&#8221;none&#8221; align=&#8221;center&#8221;]Godziny pracy[\/mk_fancy_title][mk_icon_box icon=&#8221;mk-icon-clock-o&#8221; style=&#8221;boxed&#8221; icon_location=&#8221;top&#8221; icon_color=&#8221;#ffffff&#8221; margin=&#8221;20&#8243;]Pon-Pt: 7:00 &#8211; 15:00,<br \/>\nSob: 7:00 &#8211; 14:00,[\/mk_icon_box][\/vc_column_inner][\/vc_row_inner][mk_padding_divider][vc_row_inner is_fullwidth_content=&#8221;false&#8221; el_class=&#8221;contact-box&#8221;][vc_column_inner width=&#8221;1\/3&#8243;][mk_fancy_title color=&#8221;#582e07&#8243; size=&#8221;30&#8243; force_font_size=&#8221;true&#8221; size_smallscreen=&#8221;30&#8243; size_tablet=&#8221;30&#8243; size_phone=&#8221;30&#8243; font_weight=&#8221;300&#8243; margin_bottom=&#8221;0&#8243; font_family=&#8221;none&#8221; align=&#8221;center&#8221;]E-mail[\/mk_fancy_title][mk_icon_box icon=&#8221;mk-li-mail&#8221; style=&#8221;boxed&#8221; icon_location=&#8221;top&#8221; icon_color=&#8221;#ffffff&#8221; margin=&#8221;20&#8243;]<a href=\"mailto:biuro@parkietyolga.pl\">kontakt@olgawood.pl<\/a>[\/mk_icon_box][\/vc_column_inner][vc_column_inner width=&#8221;1\/3&#8243;][mk_fancy_title color=&#8221;#582e07&#8243; size=&#8221;30&#8243; force_font_size=&#8221;true&#8221; size_smallscreen=&#8221;30&#8243; size_tablet=&#8221;30&#8243; size_phone=&#8221;30&#8243; font_weight=&#8221;300&#8243; margin_bottom=&#8221;0&#8243; font_family=&#8221;none&#8221; align=&#8221;center&#8221;]Telefon[\/mk_fancy_title][mk_icon_box icon=&#8221;mk-moon-phone-4&#8243; style=&#8221;boxed&#8221; icon_location=&#8221;top&#8221; icon_color=&#8221;#ffffff&#8221; margin=&#8221;20&#8243;]<a href=\"tel:+48856843743\">+48 85 684 37 43<\/a>[\/mk_icon_box][\/vc_column_inner][vc_column_inner width=&#8221;1\/3&#8243;][mk_fancy_title color=&#8221;#582e07&#8243; size=&#8221;30&#8243; force_font_size=&#8221;true&#8221; size_smallscreen=&#8221;30&#8243; size_tablet=&#8221;30&#8243; size_phone=&#8221;30&#8243; font_weight=&#8221;300&#8243; margin_bottom=&#8221;0&#8243; font_family=&#8221;none&#8221; align=&#8221;center&#8221;]Sekretariat[\/mk_fancy_title][mk_icon_box icon=&#8221;mk-moon-phone-4&#8243; style=&#8221;boxed&#8221; icon_location=&#8221;top&#8221; icon_color=&#8221;#ffffff&#8221; margin=&#8221;20&#8243;]<a href=\"tel:+48856843743\">+48 85 684 37 43 w. 1<\/a>[\/mk_icon_box][\/vc_column_inner][\/vc_row_inner][mk_padding_divider][vc_row_inner is_fullwidth_content=&#8221;false&#8221; el_class=&#8221;contact-box&#8221;][vc_column_inner width=&#8221;1\/3&#8243;][mk_fancy_title color=&#8221;#582e07&#8243; size=&#8221;30&#8243; force_font_size=&#8221;true&#8221; size_smallscreen=&#8221;30&#8243; size_tablet=&#8221;30&#8243; size_phone=&#8221;30&#8243; font_weight=&#8221;300&#8243; margin_bottom=&#8221;0&#8243; font_family=&#8221;none&#8221; align=&#8221;center&#8221;]Dzia\u0142 handlowy[\/mk_fancy_title][mk_icon_box icon=&#8221;mk-moon-phone-4&#8243; style=&#8221;boxed&#8221; icon_location=&#8221;top&#8221; icon_color=&#8221;#ffffff&#8221; margin=&#8221;20&#8243;]<a href=\"tel:+48856843743\">+48 85 684 37 43 w. 2<\/a><br \/>\n<a href=\"tel:+48601373100\">+48 601 373 100<\/a>[\/mk_icon_box][\/vc_column_inner][vc_column_inner width=&#8221;1\/3&#8243;][mk_fancy_title color=&#8221;#582e07&#8243; size=&#8221;30&#8243; force_font_size=&#8221;true&#8221; size_smallscreen=&#8221;30&#8243; size_tablet=&#8221;30&#8243; size_phone=&#8221;30&#8243; font_weight=&#8221;300&#8243; margin_bottom=&#8221;0&#8243; font_family=&#8221;none&#8221; align=&#8221;center&#8221;]Ksi\u0119gowo\u015b\u0107[\/mk_fancy_title][mk_icon_box icon=&#8221;mk-moon-phone-4&#8243; style=&#8221;boxed&#8221; icon_location=&#8221;top&#8221; icon_color=&#8221;#ffffff&#8221; margin=&#8221;20&#8243;]<a href=\"tel:+48856843743\">+48 85 684 37 43 w. 3<\/a>[\/mk_icon_box][\/vc_column_inner][vc_column_inner width=&#8221;1\/3&#8243;][mk_fancy_title color=&#8221;#582e07&#8243; size=&#8221;30&#8243; force_font_size=&#8221;true&#8221; size_smallscreen=&#8221;30&#8243; size_tablet=&#8221;30&#8243; size_phone=&#8221;30&#8243; font_weight=&#8221;300&#8243; margin_bottom=&#8221;0&#8243; font_family=&#8221;none&#8221; align=&#8221;center&#8221;]Dzia\u0142 kadr[\/mk_fancy_title][mk_icon_box icon=&#8221;mk-moon-phone-4&#8243; style=&#8221;boxed&#8221; icon_location=&#8221;top&#8221; icon_color=&#8221;#ffffff&#8221; margin=&#8221;20&#8243;]<a href=\"tel:+48856843743\">+48 85 684 37 43 w. 5<\/a><br \/>\n<a href=\"tel:+48502412428\">+48 502 412 428<\/a><br \/>\n[\/mk_icon_box][\/vc_column_inner][\/vc_row_inner][mk_padding_divider][\/vc_column][\/mk_page_section][mk_page_section bg_image=&#8221;https:\/\/olgawood.pl\/wp-content\/uploads\/2023\/07\/olga-meble-home.jpg&#8221; bg_color=&#8221;#eeeeee&#8221; attachment=&#8221;fixed&#8221; bg_position=&#8221;center top&#8221; bg_stretch=&#8221;true&#8221; video_color_mask=&#8221;#582e07&#8243; video_opacity=&#8221;0.75&#8243; full_width=&#8221;true&#8221; padding_top=&#8221;0&#8243; padding_bottom=&#8221;0&#8243; sidebar=&#8221;sidebar-1&#8243;][vc_column][vc_row_inner][vc_column_inner][mk_padding_divider][mk_ornamental_title text_color=&#8221;#ffffff&#8221; font_family=&#8221;none&#8221; font_size=&#8221;36&#8243; font_weight=&#8221;300&#8243; ornament_style=&#8221;norman-short-single&#8221; nss_align=&#8221;center&#8221;]MAPA[\/mk_ornamental_title][mk_padding_divider][\/vc_column_inner][\/vc_row_inner][vc_row_inner el_class=&#8221;home no-border&#8221;][vc_column_inner][mk_advanced_gmaps latitude=&#8221;52.7791072&#8243; longitude=&#8221;23.5859111&#8243; address=&#8221;Siedziba g\u0142\u00f3wna BIURO ORAZ ZAK\u0141AD PRODUKCYJNY Ul. Szkolna 3 17-200 Dubiny https:\/\/goo.gl\/maps\/uUZ1kBNE7LPGdZpH9&#8243; latitude_2=&#8221;52.75863645124954&#8243; longitude_2=&#8221;23.62667768101788&#8243; address_2=&#8221;Zak\u0142ad produkcyjny TARTAK Lipiny 79 17-200 Hajn\u00f3wka https:\/\/goo.gl\/maps\/jSLWwSW8YaRJwR8H8&#8243; content_font_color=&#8221;#582e07&#8243; height=&#8221;500&#8243; map_zoom=&#8221;11&#8243; map_type_control=&#8221;false&#8221; modify_coloring=&#8221;true&#8221; hue=&#8221;#582e07&#8243; saturation=&#8221;5&#8243; lightness=&#8221;5&#8243;][\/vc_column_inner][\/vc_row_inner][\/vc_column][\/mk_page_section]\n<\/section>","protected":false},"excerpt":{"rendered":"<p>[mk_page_section bg_image=&#8221;https:\/\/olgawood.pl\/wp-content\/uploads\/2023\/07\/olga-meble-home.jpg&#8221; bg_color=&#8221;#eeeeee&#8221; attachment=&#8221;fixed&#8221; bg_position=&#8221;center top&#8221; bg_stretch=&#8221;true&#8221; video_color_mask=&#8221;#582e07&#8243; video_opacity=&#8221;0.75&#8243; min_height=&#8221;250&#8243; full_widt&#8230;<\/p>\n","protected":false},"author":1,"featured_media":0,"parent":0,"menu_order":0,"comment_status":"closed","ping_status":"closed","template":"","meta":{"footnotes":""},"class_list":["post-62","page","type-page","status-publish","hentry"],"_links":{"self":[{"href":"https:\/\/olgawood.pl\/pl_PL\/wp-json\/wp\/v2\/pages\/62","targetHints":{"allow":["GET"]}}],"collection":[{"href":"https:\/\/olgawood.pl\/pl_PL\/wp-json\/wp\/v2\/pages"}],"about":[{"href":"https:\/\/olgawood.pl\/pl_PL\/wp-json\/wp\/v2\/types\/page"}],"author":[{"embeddable":true,"href":"https:\/\/olgawood.pl\/pl_PL\/wp-json\/wp\/v2\/users\/1"}],"replies":[{"embeddable":true,"href":"https:\/\/olgawood.pl\/pl_PL\/wp-json\/wp\/v2\/comments?post=62"}],"version-history":[{"count":52,"href":"https:\/\/olgawood.pl\/pl_PL\/wp-json\/wp\/v2\/pages\/62\/revisions"}],"predecessor-version":[{"id":847,"href":"https:\/\/olgawood.pl\/pl_PL\/wp-json\/wp\/v2\/pages\/62\/revisions\/847"}],"wp:attachment":[{"href":"https:\/\/olgawood.pl\/pl_PL\/wp-json\/wp\/v2\/media?parent=62"}],"curies":[{"name":"wp","href":"https:\/\/api.w.org\/{rel}","templated":true}]}}