{"id":479,"date":"2023-07-12T17:20:13","date_gmt":"2023-07-12T17:20:13","guid":{"rendered":"https:\/\/test.olgawood.pl\/?page_id=479"},"modified":"2024-04-16T09:40:18","modified_gmt":"2024-04-16T09:40:18","slug":"elementy-schodow-oblogowane","status":"publish","type":"page","link":"https:\/\/olgawood.pl\/pl_PL\/elementy-schodow-oblogowane\/","title":{"rendered":"ELEMENTY SCHOD\u00d3W OB\u0141OGOWANE"},"content":{"rendered":"<section class=\"wpb-content-wrapper\">[mk_page_section bg_image=&#8221;https:\/\/olgawood.pl\/wp-content\/uploads\/2023\/07\/olga-meble-home.jpg&#8221; bg_color=&#8221;#eeeeee&#8221; attachment=&#8221;fixed&#8221; bg_position=&#8221;center top&#8221; bg_stretch=&#8221;true&#8221; video_color_mask=&#8221;#582e07&#8243; video_opacity=&#8221;0.75&#8243; min_height=&#8221;250&#8243; full_width=&#8221;true&#8221; js_vertical_centered=&#8221;true&#8221; padding_top=&#8221;0&#8243; padding_bottom=&#8221;0&#8243; sidebar=&#8221;sidebar-1&#8243;][vc_column][vc_row_inner][vc_column_inner][mk_ornamental_title text_color=&#8221;#ffffff&#8221; font_family=&#8221;none&#8221; font_size=&#8221;36&#8243; font_weight=&#8221;300&#8243; ornament_style=&#8221;norman-short-single&#8221; nss_align=&#8221;center&#8221; margin_bottom=&#8221;0&#8243;]NASZE PRODUKTY[\/mk_ornamental_title][\/vc_column_inner][\/vc_row_inner][\/vc_column][\/mk_page_section][mk_page_section attachment=&#8221;fixed&#8221; bg_position=&#8221;center top&#8221; bg_stretch=&#8221;true&#8221; video_color_mask=&#8221;#ffffff&#8221; video_opacity=&#8221;0.9&#8243; sidebar=&#8221;sidebar-1&#8243;][vc_column][vc_row_inner][vc_column_inner][mk_padding_divider][mk_ornamental_title text_color=&#8221;#582e07&#8243; font_family=&#8221;none&#8221; font_size=&#8221;36&#8243; font_weight=&#8221;300&#8243; ornament_style=&#8221;norman-short-single&#8221; nss_align=&#8221;center&#8221;]ELEMENTY CHOD\u00d3W OB\u0141OGOWANE[\/mk_ornamental_title][\/vc_column_inner][\/vc_row_inner][vc_row_inner is_fullwidth_content=&#8221;false&#8221; el_class=&#8221;contact-box&#8221;][vc_column_inner][vc_column_text css=&#8221;.vc_custom_1697865963256{margin-bottom: 0px !important;}&#8221;]Wi\u0119kszo\u015b\u0107 produkt\u00f3w w naszej ofercie to elementy schod\u00f3w stworzone z zastosowaniem specjalistycznej techniki ob\u0142ogowania.<\/p>\n<p>Wszystkie nasze komponenty schodowe, bazuj\u0105ce na tej metodzie, s\u0105 wykonane z pe\u0142nego d\u0119bu \u2013 drewna cenionego za swoj\u0105 wytrzyma\u0142o\u015b\u0107 i estetyczny wygl\u0105d. Struktura tych element\u00f3w zosta\u0142a zaprojektowana tak, aby po\u0142\u0105czy\u0107 elegancj\u0119 z funkcjonalno\u015bci\u0105. Na powierzchni znajduje si\u0119 wierzchnia warstwa, czyli ob\u0142\u00f3g, kt\u00f3ry podkre\u015bla naturalne pi\u0119kno d\u0119bu. Tymczasem rdze\u0144 produktu sk\u0142ada si\u0119 z d\u0119bowych lameli, kt\u00f3re s\u0105 \u0142\u0105czone ze sob\u0105 przy u\u017cyciu technologii mikrowczepu, zapewniaj\u0105cej trwa\u0142o\u015b\u0107 i stabilno\u015b\u0107 po\u0142\u0105czenia.<\/p>\n<p>Dzi\u0119ki tej technologii, nasze ob\u0142ogowane elementy schod\u00f3w nie tylko estetycznie komponuj\u0105 si\u0119 z r\u00f3\u017cnymi wn\u0119trzami, ale tak\u017ce gwarantuj\u0105 d\u0142ugoletni\u0105 s\u0142u\u017cb\u0119 bez utraty jako\u015bci. Wyr\u00f3\u017cniaj\u0105 si\u0119 one szczeg\u00f3ln\u0105 stabilno\u015bci\u0105 i wytrzyma\u0142o\u015bci\u0105, co czyni je idealnym wyborem dla tych, kt\u00f3rzy szukaj\u0105 po\u0142\u0105czenia trwa\u0142o\u015bci z elegancj\u0105 w jednym produkcie.[\/vc_column_text][\/vc_column_inner][\/vc_row_inner][mk_padding_divider][\/vc_column][\/mk_page_section][mk_page_section bg_color=&#8221;#f8f8f8&#8243; attachment=&#8221;fixed&#8221; bg_position=&#8221;center top&#8221; bg_stretch=&#8221;true&#8221; video_opacity=&#8221;0.75&#8243; full_width=&#8221;true&#8221; padding_top=&#8221;0&#8243; padding_bottom=&#8221;0&#8243; sidebar=&#8221;sidebar-1&#8243;][vc_column][vc_separator color=&#8221;custom&#8221; el_width=&#8221;80&#8243; accent_color=&#8221;#582e07&#8243;][mk_ornamental_title text_color=&#8221;#582e07&#8243; font_family=&#8221;none&#8221; font_size=&#8221;36&#8243; font_weight=&#8221;300&#8243; ornament_style=&#8221;norman-short-single&#8221; nss_align=&#8221;center&#8221;]GALERIA[\/mk_ornamental_title][vc_row_inner is_fullwidth_content=&#8221;false&#8221;][vc_column_inner][mk_gallery images=&#8221;650,651,652,653,654,655,656,657,658,659,660,661,662&#8243; column=&#8221;6&#8243; height=&#8221;300&#8243;][\/vc_column_inner][\/vc_row_inner][mk_padding_divider][\/vc_column][\/mk_page_section]\n<\/section>","protected":false},"excerpt":{"rendered":"<p>[mk_page_section bg_image=&#8221;https:\/\/olgawood.pl\/wp-content\/uploads\/2023\/07\/olga-meble-home.jpg&#8221; bg_color=&#8221;#eeeeee&#8221; attachment=&#8221;fixed&#8221; bg_position=&#8221;center top&#8221; bg_stretch=&#8221;true&#8221; video_color_mask=&#8221;#582e07&#8243; video_opacity=&#8221;0.75&#8243; min_height=&#8221;250&#8243; full_widt&#8230;<\/p>\n","protected":false},"author":1,"featured_media":0,"parent":0,"menu_order":0,"comment_status":"closed","ping_status":"closed","template":"","meta":{"footnotes":""},"class_list":["post-479","page","type-page","status-publish","hentry"],"_links":{"self":[{"href":"https:\/\/olgawood.pl\/pl_PL\/wp-json\/wp\/v2\/pages\/479","targetHints":{"allow":["GET"]}}],"collection":[{"href":"https:\/\/olgawood.pl\/pl_PL\/wp-json\/wp\/v2\/pages"}],"about":[{"href":"https:\/\/olgawood.pl\/pl_PL\/wp-json\/wp\/v2\/types\/page"}],"author":[{"embeddable":true,"href":"https:\/\/olgawood.pl\/pl_PL\/wp-json\/wp\/v2\/users\/1"}],"replies":[{"embeddable":true,"href":"https:\/\/olgawood.pl\/pl_PL\/wp-json\/wp\/v2\/comments?post=479"}],"version-history":[{"count":16,"href":"https:\/\/olgawood.pl\/pl_PL\/wp-json\/wp\/v2\/pages\/479\/revisions"}],"predecessor-version":[{"id":814,"href":"https:\/\/olgawood.pl\/pl_PL\/wp-json\/wp\/v2\/pages\/479\/revisions\/814"}],"wp:attachment":[{"href":"https:\/\/olgawood.pl\/pl_PL\/wp-json\/wp\/v2\/media?parent=479"}],"curies":[{"name":"wp","href":"https:\/\/api.w.org\/{rel}","templated":true}]}}