{"id":368,"date":"2023-07-05T20:00:55","date_gmt":"2023-07-05T20:00:55","guid":{"rendered":"https:\/\/test.olgawood.pl\/?page_id=368"},"modified":"2025-05-27T10:14:54","modified_gmt":"2025-05-27T10:14:54","slug":"biomasa","status":"publish","type":"page","link":"https:\/\/olgawood.pl\/pl_PL\/biomasa\/","title":{"rendered":"BRYKIET D\u0118BOWY"},"content":{"rendered":"<section class=\"wpb-content-wrapper\">[mk_page_section bg_image=&#8221;https:\/\/olgawood.pl\/wp-content\/uploads\/2023\/07\/olga-meble-home.jpg&#8221; bg_color=&#8221;#eeeeee&#8221; attachment=&#8221;fixed&#8221; bg_position=&#8221;center top&#8221; bg_stretch=&#8221;true&#8221; video_color_mask=&#8221;#582e07&#8243; video_opacity=&#8221;0.75&#8243; min_height=&#8221;250&#8243; full_width=&#8221;true&#8221; js_vertical_centered=&#8221;true&#8221; padding_top=&#8221;0&#8243; padding_bottom=&#8221;0&#8243; sidebar=&#8221;sidebar-1&#8243;][vc_column][vc_row_inner][vc_column_inner][mk_ornamental_title text_color=&#8221;#ffffff&#8221; font_family=&#8221;none&#8221; font_size=&#8221;36&#8243; font_weight=&#8221;300&#8243; ornament_style=&#8221;norman-short-single&#8221; nss_align=&#8221;center&#8221; margin_bottom=&#8221;0&#8243;]BRYKIET D\u0118BOWY[\/mk_ornamental_title][\/vc_column_inner][\/vc_row_inner][\/vc_column][\/mk_page_section][mk_page_section attachment=&#8221;fixed&#8221; bg_position=&#8221;center top&#8221; bg_stretch=&#8221;true&#8221; video_color_mask=&#8221;#ffffff&#8221; video_opacity=&#8221;0.9&#8243; sidebar=&#8221;sidebar-1&#8243;][vc_column][vc_row_inner][vc_column_inner][mk_padding_divider][mk_ornamental_title text_color=&#8221;#582e07&#8243; font_family=&#8221;none&#8221; font_size=&#8221;36&#8243; font_weight=&#8221;300&#8243; ornament_style=&#8221;norman-short-single&#8221; nss_align=&#8221;center&#8221;]BRYKIET D\u0118BOWY[\/mk_ornamental_title][\/vc_column_inner][\/vc_row_inner][vc_row_inner is_fullwidth_content=&#8221;false&#8221; el_class=&#8221;contact-box&#8221;][vc_column_inner][vc_column_text css=&#8221;.vc_custom_1746177041441{margin-bottom: 0px !important;}&#8221;]\n<h2><strong>Brykiet d\u0119bowy \u2013 wysoka jako\u015b\u0107 prosto od producenta<\/strong><\/h2>\n<p>Jeste\u015bmy producentem brykietu opa\u0142owego wykonanego w 100% z czystych trocin d\u0119bowych. Nasz brykiet powstaje z suchych, czystych trocin pozyskiwanych z w\u0142asnej produkcji element\u00f3w d\u0119bowych \u2013 bez dodatk\u00f3w klej\u00f3w, kory i zanieczyszcze\u0144. Dzi\u0119ki temu oferujemy opa\u0142 o wysokiej warto\u015bci energetycznej i doskona\u0142ych parametrach spalania.<\/p>\n<h3><strong>Dlaczego warto wybra\u0107 nasz brykiet?<\/strong><\/h3>\n<ul>\n<li>100% d\u0105b \u2013 bez domieszek i substancji wi\u0105\u017c\u0105cych<\/li>\n<li>Niska wilgotno\u015b\u0107 \u2013 tylko 5,7%, co gwarantuje szybkie rozpalanie<\/li>\n<li>Wysoka warto\u015b\u0107 opa\u0142owa \u2013 a\u017c 17,02 MJ\/kg (czyli 4,73 kWh\/kg)<\/li>\n<li>Ciep\u0142o spalania \u2013 19,51 MJ\/kg<\/li>\n<li>Zawarto\u015b\u0107 popio\u0142u \u2013 jedynie 0,20%, dzi\u0119ki czemu piec i kominek pozostaj\u0105 czyste<\/li>\n<li>Forma walca \u00d851 mm, d\u0142ugo\u015b\u0107 50-100 mm \u2013 \u0142atwy za\u0142adunek i r\u00f3wnomierne spalanie<\/li>\n<li>G\u0119sto\u015b\u0107 brykietu \u2013 0,80 g\/cm\u00b3 \u2013 energia w zwartej, wygodnej formie<\/li>\n<li>Zawarto\u015b\u0107 siarki i chloru \u015bladowa \u2013 spalanie bez zapachu i osad\u00f3w<\/li>\n<\/ul>\n<p><strong>Zastosowanie:<\/strong><\/p>\n<p>Brykiet doskonale sprawdza si\u0119 w:<\/p>\n<ul>\n<li>kominkach,<\/li>\n<li>piecach centralnego ogrzewania (CO),<\/li>\n<li>piecach kaflowych,<\/li>\n<li>kot\u0142ach na biomas\u0119.<\/li>\n<\/ul>\n<h3><strong>Dost\u0119pne opakowania:<\/strong><\/h3>\n<ul>\n<li>Worki po 20 kg<\/li>\n<li>Big-bagi o masie 800\u20131000 kg<\/li>\n<li>Sprzeda\u017c detaliczna i hurtowa z odbiorem w siedzibie naszej firmy w Dubinach<\/li>\n<\/ul>\n[\/vc_column_text][\/vc_column_inner][\/vc_row_inner][mk_padding_divider][\/vc_column][\/mk_page_section][mk_page_section bg_color=&#8221;#f8f8f8&#8243; attachment=&#8221;fixed&#8221; bg_position=&#8221;center top&#8221; bg_stretch=&#8221;true&#8221; video_opacity=&#8221;0.75&#8243; full_width=&#8221;true&#8221; padding_top=&#8221;0&#8243; padding_bottom=&#8221;0&#8243; sidebar=&#8221;sidebar-1&#8243;][vc_column][vc_separator color=&#8221;custom&#8221; el_width=&#8221;80&#8243; accent_color=&#8221;#582e07&#8243;][mk_ornamental_title text_color=&#8221;#582e07&#8243; font_family=&#8221;none&#8221; font_size=&#8221;36&#8243; font_weight=&#8221;300&#8243; ornament_style=&#8221;norman-short-single&#8221; nss_align=&#8221;center&#8221;]GALERIA[\/mk_ornamental_title][vc_row_inner is_fullwidth_content=&#8221;false&#8221;][vc_column_inner][mk_gallery images=&#8221;836,837,838,839,840,841&#8243; column=&#8221;2&#8243; height=&#8221;300&#8243;][\/vc_column_inner][\/vc_row_inner][mk_padding_divider][\/vc_column][\/mk_page_section]\n<\/section>","protected":false},"excerpt":{"rendered":"<p>[mk_page_section bg_image=&#8221;https:\/\/olgawood.pl\/wp-content\/uploads\/2023\/07\/olga-meble-home.jpg&#8221; bg_color=&#8221;#eeeeee&#8221; attachment=&#8221;fixed&#8221; bg_position=&#8221;center top&#8221; bg_stretch=&#8221;true&#8221; video_color_mask=&#8221;#582e07&#8243; video_opacity=&#8221;0.75&#8243; min_height=&#8221;250&#8243; full_widt&#8230;<\/p>\n","protected":false},"author":1,"featured_media":0,"parent":0,"menu_order":0,"comment_status":"closed","ping_status":"closed","template":"","meta":{"footnotes":""},"class_list":["post-368","page","type-page","status-publish","hentry"],"_links":{"self":[{"href":"https:\/\/olgawood.pl\/pl_PL\/wp-json\/wp\/v2\/pages\/368","targetHints":{"allow":["GET"]}}],"collection":[{"href":"https:\/\/olgawood.pl\/pl_PL\/wp-json\/wp\/v2\/pages"}],"about":[{"href":"https:\/\/olgawood.pl\/pl_PL\/wp-json\/wp\/v2\/types\/page"}],"author":[{"embeddable":true,"href":"https:\/\/olgawood.pl\/pl_PL\/wp-json\/wp\/v2\/users\/1"}],"replies":[{"embeddable":true,"href":"https:\/\/olgawood.pl\/pl_PL\/wp-json\/wp\/v2\/comments?post=368"}],"version-history":[{"count":23,"href":"https:\/\/olgawood.pl\/pl_PL\/wp-json\/wp\/v2\/pages\/368\/revisions"}],"predecessor-version":[{"id":669,"href":"https:\/\/olgawood.pl\/pl_PL\/wp-json\/wp\/v2\/pages\/368\/revisions\/669"}],"wp:attachment":[{"href":"https:\/\/olgawood.pl\/pl_PL\/wp-json\/wp\/v2\/media?parent=368"}],"curies":[{"name":"wp","href":"https:\/\/api.w.org\/{rel}","templated":true}]}}