{"id":310,"date":"2023-07-05T19:21:23","date_gmt":"2023-07-05T19:21:23","guid":{"rendered":"https:\/\/test.olgawood.pl\/?page_id=310"},"modified":"2024-04-16T09:43:00","modified_gmt":"2024-04-16T09:43:00","slug":"oblogi","status":"publish","type":"page","link":"https:\/\/olgawood.pl\/pl_PL\/oblogi\/","title":{"rendered":"OB\u0141OGI CI\u0118TE"},"content":{"rendered":"<section class=\"wpb-content-wrapper\">[mk_page_section bg_image=&#8221;https:\/\/olgawood.pl\/wp-content\/uploads\/2023\/07\/olga-meble-home.jpg&#8221; bg_color=&#8221;#eeeeee&#8221; attachment=&#8221;fixed&#8221; bg_position=&#8221;center top&#8221; bg_stretch=&#8221;true&#8221; video_color_mask=&#8221;#582e07&#8243; video_opacity=&#8221;0.75&#8243; min_height=&#8221;250&#8243; full_width=&#8221;true&#8221; js_vertical_centered=&#8221;true&#8221; padding_top=&#8221;0&#8243; padding_bottom=&#8221;0&#8243; sidebar=&#8221;sidebar-1&#8243;][vc_column][vc_row_inner][vc_column_inner][mk_ornamental_title text_color=&#8221;#ffffff&#8221; font_family=&#8221;none&#8221; font_size=&#8221;36&#8243; font_weight=&#8221;300&#8243; ornament_style=&#8221;norman-short-single&#8221; nss_align=&#8221;center&#8221; margin_bottom=&#8221;0&#8243;]NASZE PRODUKTY[\/mk_ornamental_title][\/vc_column_inner][\/vc_row_inner][\/vc_column][\/mk_page_section][mk_page_section attachment=&#8221;fixed&#8221; bg_position=&#8221;center top&#8221; bg_stretch=&#8221;true&#8221; video_color_mask=&#8221;#ffffff&#8221; video_opacity=&#8221;0.9&#8243; sidebar=&#8221;sidebar-1&#8243;][vc_column][vc_row_inner][vc_column_inner][mk_padding_divider][mk_ornamental_title text_color=&#8221;#582e07&#8243; font_family=&#8221;none&#8221; font_size=&#8221;36&#8243; font_weight=&#8221;300&#8243; ornament_style=&#8221;norman-short-single&#8221; nss_align=&#8221;center&#8221;]OB\u0141OGI CI\u0118TE[\/mk_ornamental_title][\/vc_column_inner][\/vc_row_inner][vc_row_inner is_fullwidth_content=&#8221;false&#8221; el_class=&#8221;contact-box&#8221;][vc_column_inner][vc_column_text css=&#8221;.vc_custom_1689001374576{margin-bottom: 0px !important;}&#8221;]\n<p style=\"font-weight: 400;\">Ob\u0142ogi to cienkie deski produkowane przy u\u017cyciu techniki pi\u0142owania, a nie, jak w przypadku forniru, za pomoc\u0105 skrawania. Chocia\u017c ob\u0142ogi wygl\u0105daj\u0105 podobnie do forniru, r\u00f3\u017cni\u0105 si\u0119 od niego znacznie. Dzi\u0119ki procesowi ich pozyskiwania, struktura ob\u0142og\u00f3w jest pozbawiona wewn\u0119trznych p\u0119kni\u0119\u0107. W przypadku forniru, metoda skrawania jest wykorzystywana do uzyskania kolejnych plasterk\u00f3w. Drewno jest rozparzone przed tym procesem, aby je zmi\u0119kczy\u0107, jednak nie chroni to przed powstawaniem p\u0119kni\u0119\u0107 w strukturze forniru.<\/p>\n<p style=\"font-weight: 400;\">Ob\u0142ogi s\u0105 wycinane w podobny spos\u00f3b jak deski, za pomoc\u0105 cienkich pi\u0142, i w \u017cadnym etapie procesu nie s\u0105 \u0142amane, w przeciwie\u0144stwie do forniru. Dlatego ob\u0142ogi znacznie lepiej sprawdzaj\u0105 si\u0119 jako warstwa wierzchnia pod\u0142\u00f3g i element\u00f3w schod\u00f3w. S\u0105 one bardziej odporne na uszkodzenia ni\u017c fornir. Wyb\u00f3r ob\u0142og\u00f3w na pod\u0142odze, meblach i schodach gwarantuje lata bezproblemowego u\u017cytkowania.<\/p>\n<p style=\"font-weight: 400;\">Oferujemy ob\u0142ogi w r\u00f3\u017cnych wymiarach i czterech podstawowych klasach jako\u015bci.<\/p>\n[\/vc_column_text][mk_gallery images=&#8221;524&#8243; column=&#8221;4&#8243; height=&#8221;300&#8243;][vc_column_text css=&#8221;.vc_custom_1695051051798{margin-bottom: 0px !important;}&#8221;]\n<p style=\"font-weight: 400;\">Thickness: from 2.7 mm, 3.0 mm, 3.2 mm, 4.2 mm, 7 mm, up to 10 mm<\/p>\n<p style=\"font-weight: 400;\">Width: 70-280 mm<\/p>\n<p style=\"font-weight: 400;\">Length: 300-6000 mm<\/p>\n<p style=\"font-weight: 400;\">Description of quality classes for Saw Cut Oak Veneers:<\/p>\n<p style=\"font-weight: 400;\">Class A &#8211; random grain pattern, allowed healthy, embedded knots up to 10 mm in diameter, slight rays, natural color variations.<\/p>\n<p style=\"font-weight: 400;\">Class B &#8211; random grain pattern, allowed healthy knots up to 30 mm, cracked knots up to 20 mm, rotten knots and knot holes up to 10 mm, allowed heartwood changes, edge sapwood up to 8 mm, additionally allowed: rays, fiber twist, natural discolorations, 2 cork spots per lamella with a width of 2 mm and length of 30 mm, not allowed: end cracks, insect trails, heartwood, delamination.<\/p>\n<p style=\"font-weight: 400;\">Class C &#8211; random grain pattern, allowed healthy knots without limitations, healthy cracked knots up to 70 mm, rotten knots and knot holes up to 25 mm, allowed end cracks with a total length of up to 20 cm, cracks on the plane with a total length of 20 cm, additionally allowed: hardness changes, edge sapwood up to 20 mm, gloss, fiber twist.<\/p>\n<p style=\"font-weight: 400;\">Class D &#8211; random grain pattern, allowed healthy knots without limitations, healthy cracked knots up to 80 mm, rotten knots and knot holes up to 40 mm, allowed end cracks (with a deviation of up to 30 degrees) up to 5 mm in width and a total length of 20 cm, additionally allowed: cork spots up to 2 cm in width and 7 cm in length, sapwood, healthy or cracked knots on the edge, heartwood with cracks up to 15 cm in a straight line.<\/p>\n[\/vc_column_text][\/vc_column_inner][\/vc_row_inner][mk_padding_divider][\/vc_column][\/mk_page_section][mk_page_section bg_color=&#8221;#f8f8f8&#8243; attachment=&#8221;fixed&#8221; bg_position=&#8221;center top&#8221; bg_stretch=&#8221;true&#8221; video_opacity=&#8221;0.75&#8243; full_width=&#8221;true&#8221; padding_top=&#8221;0&#8243; padding_bottom=&#8221;0&#8243; sidebar=&#8221;sidebar-1&#8243;][vc_column][vc_separator color=&#8221;custom&#8221; el_width=&#8221;80&#8243; accent_color=&#8221;#582e07&#8243;][mk_ornamental_title text_color=&#8221;#582e07&#8243; font_family=&#8221;none&#8221; font_size=&#8221;36&#8243; font_weight=&#8221;300&#8243; ornament_style=&#8221;norman-short-single&#8221; nss_align=&#8221;center&#8221;]GALERIA[\/mk_ornamental_title][vc_row_inner is_fullwidth_content=&#8221;false&#8221;][vc_column_inner][mk_ornamental_title text_color=&#8221;#582e07&#8243; font_family=&#8221;none&#8221; font_size=&#8221;25&#8243; font_weight=&#8221;300&#8243; ornament_style=&#8221;norman-short-single&#8221; nss_align=&#8221;center&#8221;]Przyk\u0142ad ob\u0142og\u00f3w d\u0119bowych klasy A, bez wad,[\/mk_ornamental_title][mk_gallery images=&#8221;416,417,414,415&#8243; column=&#8221;5&#8243; height=&#8221;300&#8243;][mk_padding_divider][\/vc_column_inner][\/vc_row_inner][vc_separator color=&#8221;custom&#8221; el_width=&#8221;60&#8243; accent_color=&#8221;#582e07&#8243;][vc_row_inner is_fullwidth_content=&#8221;false&#8221;][vc_column_inner][mk_ornamental_title text_color=&#8221;#582e07&#8243; font_family=&#8221;none&#8221; font_size=&#8221;25&#8243; font_weight=&#8221;300&#8243; ornament_style=&#8221;norman-short-single&#8221; nss_align=&#8221;center&#8221;]Przyk\u0142ad ob\u0142og\u00f3w d\u0119bowych klasy B,[\/mk_ornamental_title][mk_gallery images=&#8221;419,420,421,422&#8243; column=&#8221;5&#8243; height=&#8221;300&#8243;][mk_padding_divider][\/vc_column_inner][\/vc_row_inner][vc_separator color=&#8221;custom&#8221; el_width=&#8221;60&#8243; accent_color=&#8221;#582e07&#8243;][vc_row_inner is_fullwidth_content=&#8221;false&#8221;][vc_column_inner][mk_ornamental_title text_color=&#8221;#582e07&#8243; font_family=&#8221;none&#8221; font_size=&#8221;25&#8243; font_weight=&#8221;300&#8243; ornament_style=&#8221;norman-short-single&#8221; nss_align=&#8221;center&#8221;]Przyk\u0142ad ob\u0142og\u00f3w d\u0119bowych klasy C,[\/mk_ornamental_title][mk_gallery images=&#8221;423,424,425,426&#8243; column=&#8221;5&#8243; height=&#8221;300&#8243;][mk_padding_divider][\/vc_column_inner][\/vc_row_inner][vc_row_inner is_fullwidth_content=&#8221;false&#8221;][vc_column_inner][mk_ornamental_title text_color=&#8221;#582e07&#8243; font_family=&#8221;none&#8221; font_size=&#8221;25&#8243; font_weight=&#8221;300&#8243; ornament_style=&#8221;norman-short-single&#8221; nss_align=&#8221;center&#8221;]Przyk\u0142ad ob\u0142og\u00f3w d\u0119bowych klasy D,[\/mk_ornamental_title][mk_gallery images=&#8221;430,429,428,427&#8243; column=&#8221;5&#8243; height=&#8221;300&#8243;][mk_padding_divider][\/vc_column_inner][\/vc_row_inner][vc_separator color=&#8221;custom&#8221; el_width=&#8221;60&#8243; accent_color=&#8221;#582e07&#8243;][vc_row_inner is_fullwidth_content=&#8221;false&#8221;][vc_column_inner][mk_ornamental_title text_color=&#8221;#582e07&#8243; font_family=&#8221;none&#8221; font_size=&#8221;25&#8243; font_weight=&#8221;300&#8243; ornament_style=&#8221;norman-short-single&#8221; nss_align=&#8221;center&#8221;]Zdj\u0119cia z produkcji[\/mk_ornamental_title][mk_gallery images=&#8221;525,526,527,528,529,530,531,532,533,534,535,536,537,538,539,540,541,542,543,544&#8243;][mk_padding_divider][\/vc_column_inner][\/vc_row_inner][mk_padding_divider][\/vc_column][\/mk_page_section]\n<\/section>","protected":false},"excerpt":{"rendered":"<p>[mk_page_section bg_image=&#8221;https:\/\/olgawood.pl\/wp-content\/uploads\/2023\/07\/olga-meble-home.jpg&#8221; bg_color=&#8221;#eeeeee&#8221; attachment=&#8221;fixed&#8221; bg_position=&#8221;center top&#8221; bg_stretch=&#8221;true&#8221; video_color_mask=&#8221;#582e07&#8243; video_opacity=&#8221;0.75&#8243; min_height=&#8221;250&#8243; full_widt&#8230;<\/p>\n","protected":false},"author":1,"featured_media":0,"parent":0,"menu_order":0,"comment_status":"closed","ping_status":"closed","template":"","meta":{"footnotes":""},"class_list":["post-310","page","type-page","status-publish","hentry"],"_links":{"self":[{"href":"https:\/\/olgawood.pl\/pl_PL\/wp-json\/wp\/v2\/pages\/310","targetHints":{"allow":["GET"]}}],"collection":[{"href":"https:\/\/olgawood.pl\/pl_PL\/wp-json\/wp\/v2\/pages"}],"about":[{"href":"https:\/\/olgawood.pl\/pl_PL\/wp-json\/wp\/v2\/types\/page"}],"author":[{"embeddable":true,"href":"https:\/\/olgawood.pl\/pl_PL\/wp-json\/wp\/v2\/users\/1"}],"replies":[{"embeddable":true,"href":"https:\/\/olgawood.pl\/pl_PL\/wp-json\/wp\/v2\/comments?post=310"}],"version-history":[{"count":36,"href":"https:\/\/olgawood.pl\/pl_PL\/wp-json\/wp\/v2\/pages\/310\/revisions"}],"predecessor-version":[{"id":327,"href":"https:\/\/olgawood.pl\/pl_PL\/wp-json\/wp\/v2\/pages\/310\/revisions\/327"}],"wp:attachment":[{"href":"https:\/\/olgawood.pl\/pl_PL\/wp-json\/wp\/v2\/media?parent=310"}],"curies":[{"name":"wp","href":"https:\/\/api.w.org\/{rel}","templated":true}]}}