{"id":307,"date":"2023-07-05T19:19:26","date_gmt":"2023-07-05T19:19:26","guid":{"rendered":"https:\/\/test.olgawood.pl\/?page_id=307"},"modified":"2024-04-16T09:47:02","modified_gmt":"2024-04-16T09:47:02","slug":"plyty-klejone-mikrowczep","status":"publish","type":"page","link":"https:\/\/olgawood.pl\/pl_PL\/plyty-klejone-mikrowczep\/","title":{"rendered":"P\u0141YTY KLEJONE MIKROWCZEP"},"content":{"rendered":"<section class=\"wpb-content-wrapper\">[mk_page_section bg_image=&#8221;https:\/\/olgawood.pl\/wp-content\/uploads\/2023\/07\/olga-meble-home.jpg&#8221; bg_color=&#8221;#eeeeee&#8221; attachment=&#8221;fixed&#8221; bg_position=&#8221;center top&#8221; bg_stretch=&#8221;true&#8221; video_color_mask=&#8221;#582e07&#8243; video_opacity=&#8221;0.75&#8243; min_height=&#8221;250&#8243; full_width=&#8221;true&#8221; js_vertical_centered=&#8221;true&#8221; padding_top=&#8221;0&#8243; padding_bottom=&#8221;0&#8243; sidebar=&#8221;sidebar-1&#8243;][vc_column][vc_row_inner][vc_column_inner][mk_ornamental_title text_color=&#8221;#ffffff&#8221; font_family=&#8221;none&#8221; font_size=&#8221;36&#8243; font_weight=&#8221;300&#8243; ornament_style=&#8221;norman-short-single&#8221; nss_align=&#8221;center&#8221; margin_bottom=&#8221;0&#8243;]NASZE PRODUKTY[\/mk_ornamental_title][\/vc_column_inner][\/vc_row_inner][\/vc_column][\/mk_page_section][mk_page_section attachment=&#8221;fixed&#8221; bg_position=&#8221;center top&#8221; bg_stretch=&#8221;true&#8221; video_color_mask=&#8221;#ffffff&#8221; video_opacity=&#8221;0.9&#8243; sidebar=&#8221;sidebar-1&#8243;][vc_column][vc_row_inner][vc_column_inner][mk_padding_divider][mk_ornamental_title text_color=&#8221;#582e07&#8243; font_family=&#8221;none&#8221; font_size=&#8221;36&#8243; font_weight=&#8221;300&#8243; ornament_style=&#8221;norman-short-single&#8221; nss_align=&#8221;center&#8221;]P\u0141YTY KLEJONE MIKROWCZEP[\/mk_ornamental_title][\/vc_column_inner][\/vc_row_inner][vc_row_inner is_fullwidth_content=&#8221;false&#8221; el_class=&#8221;contact-box&#8221;][vc_column_inner][vc_column_text css=&#8221;.vc_custom_1690627419179{margin-bottom: 0px !important;}&#8221;]Jeste\u015bmy dumni, mog\u0105c zaprezentowa\u0107 Pa\u0144stwu nasze p\u0142yty klejone na mikrowczep. Ten wyj\u0105tkowy produkt \u0142\u0105czy w sobie wysok\u0105 jako\u015b\u0107, trwa\u0142o\u015b\u0107 oraz pi\u0119kno naturalnego drewna, co sprawia, \u017ce jest idealny do zastosowania w r\u00f3\u017cnych miejscach w Twoim domu czy biurze.<\/p>\n<p>P\u0142yty klejone na mikrowczep s\u0105 wykonane z litego d\u0119bu, sk\u0142adaj\u0105 si\u0119 z listew, kt\u00f3re s\u0105 ze sob\u0105 \u0142\u0105czone dzi\u0119ki technologii mikrowczepu. Mikrowczep to specjalny rodzaj po\u0142\u0105czenia, kt\u00f3ry zapewnia niesamowit\u0105 wytrzyma\u0142o\u015b\u0107 i stabilno\u015b\u0107 konstrukcji, jednocze\u015bnie zachowuj\u0105c naturalne pi\u0119kno i tekstur\u0119 drewna.<\/p>\n<p>Nasze p\u0142yty klejone na mikrowczep s\u0105 doskona\u0142e do szeregu zastosowa\u0144. Mo\u017cna z nich wykona\u0107 schody, trepy, parapety, blaty meblowe, blaty kuchenne, a tak\u017ce r\u00f3\u017cne elementy mebli. Niezale\u017cnie od zastosowania, gwarantuj\u0105 one doskona\u0142\u0105 wytrzyma\u0142o\u015b\u0107 i d\u0142ugowieczno\u015b\u0107, dzi\u0119ki czemu stanowi\u0105 inwestycj\u0119 na wiele lat.<\/p>\n<p>Na poziomie technicznym, nasze p\u0142yty klejone na mikrowczep to prawdziwy majstersztyk. Produkowane s\u0105 z lameli o szeroko\u015bci od 40mm do 70mm, z wilgotno\u015bci\u0105 wynosz\u0105c\u0105 8% +\/- 2%. Oferujemy standardowe grubo\u015bci p\u0142yty: 22mm, 27mm, 40mm i 45mm. Ka\u017cda p\u0142yta jest starannie szlifowana papierem \u015bciernym o granulacji 80, co gwarantuje perfekcyjne wyko\u0144czenie. Maksymalna szeroko\u015b\u0107 naszych p\u0142yt wynosi 1250mm, a maksymalna d\u0142ugo\u015b\u0107 6500mm.<\/p>\n<p>Jako do\u015bwiadczony producent, zapewniamy, \u017ce nasze blaty kuchenne, blaty robocze i inne produkty z litego d\u0119bu na mikrowczep zawsze spe\u0142niaj\u0105 najwy\u017csze standardy jako\u015bci. Dzi\u0119ki precyzyjnej kontroli jako\u015bci i zaanga\u017cowaniu w ka\u017cdym etapie produkcji, dostarczamy produkty, kt\u00f3re s\u0105 nie tylko pi\u0119kne, ale tak\u017ce trwa\u0142e i praktyczne.<\/p>\n<p>Wybieraj\u0105c nasze p\u0142yty klejone na mikrowczep, wybierasz produkt, kt\u00f3ry \u0142\u0105czy w sobie naturalne pi\u0119kno drewna z nowoczesn\u0105 technologi\u0105. Skontaktuj si\u0119 z nami ju\u017c dzisiaj, aby dowiedzie\u0107 si\u0119 wi\u0119cej o naszych produktach i us\u0142ugach.[\/vc_column_text][\/vc_column_inner][\/vc_row_inner][mk_padding_divider][\/vc_column][\/mk_page_section][mk_page_section bg_color=&#8221;#f8f8f8&#8243; attachment=&#8221;fixed&#8221; bg_position=&#8221;center top&#8221; bg_stretch=&#8221;true&#8221; video_opacity=&#8221;0.75&#8243; full_width=&#8221;true&#8221; padding_top=&#8221;0&#8243; padding_bottom=&#8221;0&#8243; sidebar=&#8221;sidebar-1&#8243;][vc_column][vc_separator color=&#8221;custom&#8221; el_width=&#8221;80&#8243; accent_color=&#8221;#582e07&#8243;][mk_ornamental_title text_color=&#8221;#582e07&#8243; font_family=&#8221;none&#8221; font_size=&#8221;36&#8243; font_weight=&#8221;300&#8243; ornament_style=&#8221;norman-short-single&#8221; nss_align=&#8221;center&#8221;]GALERIA[\/mk_ornamental_title][vc_row_inner is_fullwidth_content=&#8221;false&#8221;][vc_column_inner][mk_gallery images=&#8221;592,593,594,595,596&#8243; column=&#8221;6&#8243; height=&#8221;300&#8243;][\/vc_column_inner][\/vc_row_inner][mk_padding_divider][\/vc_column][\/mk_page_section]\n<\/section>","protected":false},"excerpt":{"rendered":"<p>[mk_page_section bg_image=&#8221;https:\/\/olgawood.pl\/wp-content\/uploads\/2023\/07\/olga-meble-home.jpg&#8221; bg_color=&#8221;#eeeeee&#8221; attachment=&#8221;fixed&#8221; bg_position=&#8221;center top&#8221; bg_stretch=&#8221;true&#8221; video_color_mask=&#8221;#582e07&#8243; video_opacity=&#8221;0.75&#8243; min_height=&#8221;250&#8243; full_widt&#8230;<\/p>\n","protected":false},"author":1,"featured_media":0,"parent":0,"menu_order":0,"comment_status":"closed","ping_status":"closed","template":"","meta":{"footnotes":""},"class_list":["post-307","page","type-page","status-publish","hentry"],"_links":{"self":[{"href":"https:\/\/olgawood.pl\/pl_PL\/wp-json\/wp\/v2\/pages\/307","targetHints":{"allow":["GET"]}}],"collection":[{"href":"https:\/\/olgawood.pl\/pl_PL\/wp-json\/wp\/v2\/pages"}],"about":[{"href":"https:\/\/olgawood.pl\/pl_PL\/wp-json\/wp\/v2\/types\/page"}],"author":[{"embeddable":true,"href":"https:\/\/olgawood.pl\/pl_PL\/wp-json\/wp\/v2\/users\/1"}],"replies":[{"embeddable":true,"href":"https:\/\/olgawood.pl\/pl_PL\/wp-json\/wp\/v2\/comments?post=307"}],"version-history":[{"count":7,"href":"https:\/\/olgawood.pl\/pl_PL\/wp-json\/wp\/v2\/pages\/307\/revisions"}],"predecessor-version":[{"id":822,"href":"https:\/\/olgawood.pl\/pl_PL\/wp-json\/wp\/v2\/pages\/307\/revisions\/822"}],"wp:attachment":[{"href":"https:\/\/olgawood.pl\/pl_PL\/wp-json\/wp\/v2\/media?parent=307"}],"curies":[{"name":"wp","href":"https:\/\/api.w.org\/{rel}","templated":true}]}}