{"id":298,"date":"2023-07-05T19:13:40","date_gmt":"2023-07-05T19:13:40","guid":{"rendered":"https:\/\/test.olgawood.pl\/?page_id=298"},"modified":"2024-04-16T09:44:29","modified_gmt":"2024-04-16T09:44:29","slug":"plyty-klejone-lite","status":"publish","type":"page","link":"https:\/\/olgawood.pl\/pl_PL\/plyty-klejone-lite\/","title":{"rendered":"P\u0141YTY KLEJONE LITE"},"content":{"rendered":"<section class=\"wpb-content-wrapper\">[mk_page_section bg_image=&#8221;https:\/\/olgawood.pl\/wp-content\/uploads\/2023\/07\/olga-meble-home.jpg&#8221; bg_color=&#8221;#eeeeee&#8221; attachment=&#8221;fixed&#8221; bg_position=&#8221;center top&#8221; bg_stretch=&#8221;true&#8221; video_color_mask=&#8221;#582e07&#8243; video_opacity=&#8221;0.75&#8243; min_height=&#8221;250&#8243; full_width=&#8221;true&#8221; js_vertical_centered=&#8221;true&#8221; padding_top=&#8221;0&#8243; padding_bottom=&#8221;0&#8243; sidebar=&#8221;sidebar-1&#8243;][vc_column][vc_row_inner][vc_column_inner][mk_ornamental_title text_color=&#8221;#ffffff&#8221; font_family=&#8221;none&#8221; font_size=&#8221;36&#8243; font_weight=&#8221;300&#8243; ornament_style=&#8221;norman-short-single&#8221; nss_align=&#8221;center&#8221; margin_bottom=&#8221;0&#8243;]NASZE PRODUKTY[\/mk_ornamental_title][\/vc_column_inner][\/vc_row_inner][\/vc_column][\/mk_page_section][mk_page_section attachment=&#8221;fixed&#8221; bg_position=&#8221;center top&#8221; bg_stretch=&#8221;true&#8221; video_color_mask=&#8221;#ffffff&#8221; video_opacity=&#8221;0.9&#8243; sidebar=&#8221;sidebar-1&#8243;][vc_column][vc_row_inner][vc_column_inner][mk_padding_divider][mk_ornamental_title text_color=&#8221;#582e07&#8243; font_family=&#8221;none&#8221; font_size=&#8221;36&#8243; font_weight=&#8221;300&#8243; ornament_style=&#8221;norman-short-single&#8221; nss_align=&#8221;center&#8221;]P\u0141YTY KLEJONE LITE[\/mk_ornamental_title][\/vc_column_inner][\/vc_row_inner][vc_row_inner is_fullwidth_content=&#8221;false&#8221; el_class=&#8221;contact-box&#8221;][vc_column_inner][vc_column_text css=&#8221;.vc_custom_1690615627807{margin-bottom: 0px !important;}&#8221;]Witamy na naszej stronie! Jeste\u015bmy renomowanym producentem wysokiej jako\u015bci p\u0142yt klejonych d\u0119bowych, tworz\u0105c wyroby idealne do tworzenia schod\u00f3w, trep, parapet\u00f3w, blat\u00f3w meblowych oraz innych element\u00f3w mebli.<\/p>\n<p>Nasze p\u0142yty klejone, znane r\u00f3wnie\u017c jako lite p\u0142yty, s\u0105 doskona\u0142ym wyborem dla ka\u017cdego, kto ceni trwa\u0142o\u015b\u0107, naturalno\u015b\u0107 i elegancj\u0119. Wybieraj\u0105c d\u0105b, wybierasz jedno z najtwardszych dost\u0119pnych drewn, kt\u00f3re jest niezwykle odporne na wszelkiego rodzaju uszkodzenia. Ale to nie wszystko &#8211; naturalny, szlachetny kolor d\u0119bu dodaje ka\u017cdemu pomieszczeniu ciep\u0142a i stylu, niezale\u017cnie od kontekstu.<\/p>\n<p>Na poziomie technicznym, nasza klejonka d\u0119bowa to produkt najwy\u017cszej jako\u015bci. P\u0142yty s\u0105 sklejane z lameli o szeroko\u015bci od 40mm do 70mm, z wilgotno\u015bci\u0105 wynosz\u0105c\u0105 8% +\/- 2%. Oferujemy standardowe grubo\u015bci p\u0142yty: 22mm, 27mm, 40mm i 45mm. Ka\u017cda p\u0142yta jest starannie szlifowana papierem \u015bciernym o granulacji 80, co gwarantuje doskona\u0142e wyko\u0144czenie i g\u0142adko\u015b\u0107.<\/p>\n<p>Opr\u00f3cz tego, jako do\u015bwiadczony producent p\u0142yt klejonych, zapewniamy, \u017ce nasze blaty d\u0119bowe, trepy lite i inne produkty zawsze spe\u0142niaj\u0105 najwy\u017csze standardy jako\u015bci. Wykorzystuj\u0105c doskona\u0142o\u015b\u0107 naturalnych w\u0142a\u015bciwo\u015bci d\u0119bu, tworzymy p\u0142yty, kt\u00f3re nie tylko wygl\u0105daj\u0105 niesamowicie, ale r\u00f3wnie\u017c s\u0105 trwa\u0142e i praktyczne w u\u017cyciu.<\/p>\n<p>Pami\u0119taj, wybieraj\u0105c nasze p\u0142yty klejone, wybierasz produkt, kt\u00f3ry przetrwa pr\u00f3b\u0119 czasu, dodaj\u0105c pi\u0119kno i elegancj\u0119 do Twojego domu czy biura. Skontaktuj si\u0119 z nami ju\u017c dzisiaj, aby dowiedzie\u0107 si\u0119 wi\u0119cej o naszych produktach i us\u0142ugach.[\/vc_column_text][mk_image src=&#8221;https:\/\/olgawood.pl\/wp-content\/uploads\/2023\/07\/opis-jakosci-pl.png&#8221; image_size=&#8221;full&#8221; lightbox=&#8221;true&#8221;][\/vc_column_inner][\/vc_row_inner][mk_padding_divider][\/vc_column][\/mk_page_section][mk_page_section bg_color=&#8221;#f8f8f8&#8243; attachment=&#8221;fixed&#8221; bg_position=&#8221;center top&#8221; bg_stretch=&#8221;true&#8221; video_opacity=&#8221;0.75&#8243; full_width=&#8221;true&#8221; padding_top=&#8221;0&#8243; padding_bottom=&#8221;0&#8243; sidebar=&#8221;sidebar-1&#8243;][vc_column][vc_separator color=&#8221;custom&#8221; el_width=&#8221;80&#8243; accent_color=&#8221;#582e07&#8243;][mk_ornamental_title text_color=&#8221;#582e07&#8243; font_family=&#8221;none&#8221; font_size=&#8221;36&#8243; font_weight=&#8221;300&#8243; ornament_style=&#8221;norman-short-single&#8221; nss_align=&#8221;center&#8221;]GALERIA[\/mk_ornamental_title][vc_row_inner is_fullwidth_content=&#8221;false&#8221;][vc_column_inner][mk_gallery images=&#8221;571,572,573,574,575,577,578,579,580,581,582,583&#8243; column=&#8221;6&#8243; height=&#8221;300&#8243;][\/vc_column_inner][\/vc_row_inner][mk_padding_divider][\/vc_column][\/mk_page_section]\n<\/section>","protected":false},"excerpt":{"rendered":"<p>[mk_page_section bg_image=&#8221;https:\/\/olgawood.pl\/wp-content\/uploads\/2023\/07\/olga-meble-home.jpg&#8221; bg_color=&#8221;#eeeeee&#8221; attachment=&#8221;fixed&#8221; bg_position=&#8221;center top&#8221; bg_stretch=&#8221;true&#8221; video_color_mask=&#8221;#582e07&#8243; video_opacity=&#8221;0.75&#8243; min_height=&#8221;250&#8243; full_widt&#8230;<\/p>\n","protected":false},"author":1,"featured_media":0,"parent":0,"menu_order":0,"comment_status":"closed","ping_status":"closed","template":"","meta":{"footnotes":""},"class_list":["post-298","page","type-page","status-publish","hentry"],"_links":{"self":[{"href":"https:\/\/olgawood.pl\/pl_PL\/wp-json\/wp\/v2\/pages\/298","targetHints":{"allow":["GET"]}}],"collection":[{"href":"https:\/\/olgawood.pl\/pl_PL\/wp-json\/wp\/v2\/pages"}],"about":[{"href":"https:\/\/olgawood.pl\/pl_PL\/wp-json\/wp\/v2\/types\/page"}],"author":[{"embeddable":true,"href":"https:\/\/olgawood.pl\/pl_PL\/wp-json\/wp\/v2\/users\/1"}],"replies":[{"embeddable":true,"href":"https:\/\/olgawood.pl\/pl_PL\/wp-json\/wp\/v2\/comments?post=298"}],"version-history":[{"count":15,"href":"https:\/\/olgawood.pl\/pl_PL\/wp-json\/wp\/v2\/pages\/298\/revisions"}],"predecessor-version":[{"id":821,"href":"https:\/\/olgawood.pl\/pl_PL\/wp-json\/wp\/v2\/pages\/298\/revisions\/821"}],"wp:attachment":[{"href":"https:\/\/olgawood.pl\/pl_PL\/wp-json\/wp\/v2\/media?parent=298"}],"curies":[{"name":"wp","href":"https:\/\/api.w.org\/{rel}","templated":true}]}}