{"id":265,"date":"2023-07-05T18:41:30","date_gmt":"2023-07-05T18:41:30","guid":{"rendered":"https:\/\/test.olgawood.pl\/?page_id=265"},"modified":"2024-04-16T09:47:45","modified_gmt":"2024-04-16T09:47:45","slug":"plyty-klejone-oblogowane","status":"publish","type":"page","link":"https:\/\/olgawood.pl\/pl_PL\/plyty-klejone-oblogowane\/","title":{"rendered":"P\u0141YTY KLEJONE OB\u0141OGOWANE"},"content":{"rendered":"<section class=\"wpb-content-wrapper\">[mk_page_section bg_image=&#8221;https:\/\/olgawood.pl\/wp-content\/uploads\/2023\/07\/olga-meble-home.jpg&#8221; bg_color=&#8221;#eeeeee&#8221; attachment=&#8221;fixed&#8221; bg_position=&#8221;center top&#8221; bg_stretch=&#8221;true&#8221; video_color_mask=&#8221;#582e07&#8243; video_opacity=&#8221;0.75&#8243; min_height=&#8221;250&#8243; full_width=&#8221;true&#8221; js_vertical_centered=&#8221;true&#8221; padding_top=&#8221;0&#8243; padding_bottom=&#8221;0&#8243; sidebar=&#8221;sidebar-1&#8243;][vc_column][vc_row_inner][vc_column_inner][mk_ornamental_title text_color=&#8221;#ffffff&#8221; font_family=&#8221;none&#8221; font_size=&#8221;36&#8243; font_weight=&#8221;300&#8243; ornament_style=&#8221;norman-short-single&#8221; nss_align=&#8221;center&#8221; margin_bottom=&#8221;0&#8243;]NASZE PRODUKTY[\/mk_ornamental_title][\/vc_column_inner][\/vc_row_inner][\/vc_column][\/mk_page_section][mk_page_section attachment=&#8221;fixed&#8221; bg_position=&#8221;center top&#8221; bg_stretch=&#8221;true&#8221; video_color_mask=&#8221;#ffffff&#8221; video_opacity=&#8221;0.9&#8243; sidebar=&#8221;sidebar-1&#8243;][vc_column][vc_row_inner][vc_column_inner][mk_padding_divider][mk_ornamental_title text_color=&#8221;#582e07&#8243; font_family=&#8221;none&#8221; font_size=&#8221;36&#8243; font_weight=&#8221;300&#8243; ornament_style=&#8221;norman-short-single&#8221; nss_align=&#8221;center&#8221;]P\u0141YTY KLEJONE OB\u0141OGOWANE[\/mk_ornamental_title][\/vc_column_inner][\/vc_row_inner][vc_row_inner is_fullwidth_content=&#8221;false&#8221; el_class=&#8221;contact-box&#8221;][vc_column_inner][vc_column_text css=&#8221;.vc_custom_1690618019348{margin-bottom: 0px !important;}&#8221;]Cieszymy si\u0119, \u017ce mo\u017cemy zaprezentowa\u0107 nasz inny wybitny produkt &#8211; p\u0142yty klejone ob\u0142ogowane. Wyj\u0105tkowa konstrukcja tych p\u0142yt zapewnia nie tylko atrakcyjny wygl\u0105d, ale r\u00f3wnie\u017c doskona\u0142\u0105 stabilno\u015b\u0107, co czyni je idealnym wyborem do r\u00f3\u017cnych zastosowa\u0144 w meblarstwie.<\/p>\n<p>Ka\u017cda p\u0142yta ob\u0142ogowana, kt\u00f3r\u0105 produkujemy, sk\u0142ada si\u0119 z dw\u00f3ch g\u0142\u00f3wnych element\u00f3w: warstwy wierzchniej, czyli ob\u0142ogu, oraz rdzenia. Ob\u0142\u00f3g, kt\u00f3rego grubo\u015b\u0107 mo\u017ce wynosi\u0107 od 2,5mm do 10mm, daje mo\u017cliwo\u015b\u0107 uzyskania pi\u0119knej, szerokiej struktury drewna, nawet do 300mm. Dzi\u0119ki temu na naszych p\u0142ytach ob\u0142ogowanych mo\u017cna podziwia\u0107 atrakcyjne, naturalne us\u0142ojenie drewna.<\/p>\n<p>Dodatkowym atutem p\u0142yt ob\u0142ogowanych jest ich wyj\u0105tkowa stabilno\u015b\u0107. Rdze\u0144 p\u0142yty mo\u017ce by\u0107 wykonany z drewna litego lub \u0142\u0105czonego na d\u0142ugo\u015bci, co zapewnia dodatkow\u0105 wytrzyma\u0142o\u015b\u0107. Jest te\u017c mo\u017cliwo\u015b\u0107 zaob\u0142ogowania p\u0142yty MDF.<\/p>\n<p>Dzi\u0119ki takiej konstrukcji, p\u0142yty klejone ob\u0142ogowane to doskona\u0142y wyb\u00f3r do tworzenia stabilnych drzwiczek, blat\u00f3w, p\u00f3\u0142ek czy innych element\u00f3w mebli. Na bokach p\u0142yty ob\u0142ogowanej mo\u017cemy doda\u0107 ob\u0142\u00f3g lub szeroki lity element, co dodaje produktowi wyko\u0144czenia.<\/p>\n<p>Oferujemy p\u0142yty i blaty ob\u0142ogowane w r\u00f3\u017cnych grubo\u015bciach, pocz\u0105wszy od 14mm, kt\u00f3re s\u0105 najcz\u0119\u015bciej wykorzystywane jako podstopnie, poprzez grubo\u015b\u0107 40mm, 45mm a\u017c do 110mm. Szeroko\u015b\u0107 maksymalna naszych p\u0142yt to 1250mm, a d\u0142ugo\u015b\u0107 &#8211; a\u017c 5500mm.<\/p>\n<p>Wybieraj\u0105c nasze p\u0142yty klejone ob\u0142ogowane, wybierasz jako\u015b\u0107, wytrzyma\u0142o\u015b\u0107 i estetyk\u0119. Skontaktuj si\u0119 z nami ju\u017c dzisiaj, aby dowiedzie\u0107 si\u0119 wi\u0119cej o naszych produktach[\/vc_column_text][\/vc_column_inner][\/vc_row_inner][mk_padding_divider][\/vc_column][\/mk_page_section][mk_page_section bg_color=&#8221;#f8f8f8&#8243; attachment=&#8221;fixed&#8221; bg_position=&#8221;center top&#8221; bg_stretch=&#8221;true&#8221; video_opacity=&#8221;0.75&#8243; full_width=&#8221;true&#8221; padding_top=&#8221;0&#8243; padding_bottom=&#8221;0&#8243; sidebar=&#8221;sidebar-1&#8243;][vc_column][vc_separator color=&#8221;custom&#8221; el_width=&#8221;80&#8243; accent_color=&#8221;#582e07&#8243;][mk_ornamental_title text_color=&#8221;#582e07&#8243; font_family=&#8221;none&#8221; font_size=&#8221;36&#8243; font_weight=&#8221;300&#8243; ornament_style=&#8221;norman-short-single&#8221; nss_align=&#8221;center&#8221;]GALERIA[\/mk_ornamental_title][vc_row_inner is_fullwidth_content=&#8221;false&#8221;][vc_column_inner][mk_gallery images=&#8221;560,561,562,563,564,565,566,567,568&#8243; column=&#8221;5&#8243; height=&#8221;300&#8243;][\/vc_column_inner][\/vc_row_inner][mk_padding_divider][\/vc_column][\/mk_page_section]\n<\/section>","protected":false},"excerpt":{"rendered":"<p>[mk_page_section bg_image=&#8221;https:\/\/olgawood.pl\/wp-content\/uploads\/2023\/07\/olga-meble-home.jpg&#8221; bg_color=&#8221;#eeeeee&#8221; attachment=&#8221;fixed&#8221; bg_position=&#8221;center top&#8221; bg_stretch=&#8221;true&#8221; video_color_mask=&#8221;#582e07&#8243; video_opacity=&#8221;0.75&#8243; min_height=&#8221;250&#8243; full_widt&#8230;<\/p>\n","protected":false},"author":1,"featured_media":0,"parent":0,"menu_order":0,"comment_status":"closed","ping_status":"closed","template":"","meta":{"footnotes":""},"class_list":["post-265","page","type-page","status-publish","hentry"],"_links":{"self":[{"href":"https:\/\/olgawood.pl\/pl_PL\/wp-json\/wp\/v2\/pages\/265","targetHints":{"allow":["GET"]}}],"collection":[{"href":"https:\/\/olgawood.pl\/pl_PL\/wp-json\/wp\/v2\/pages"}],"about":[{"href":"https:\/\/olgawood.pl\/pl_PL\/wp-json\/wp\/v2\/types\/page"}],"author":[{"embeddable":true,"href":"https:\/\/olgawood.pl\/pl_PL\/wp-json\/wp\/v2\/users\/1"}],"replies":[{"embeddable":true,"href":"https:\/\/olgawood.pl\/pl_PL\/wp-json\/wp\/v2\/comments?post=265"}],"version-history":[{"count":27,"href":"https:\/\/olgawood.pl\/pl_PL\/wp-json\/wp\/v2\/pages\/265\/revisions"}],"predecessor-version":[{"id":823,"href":"https:\/\/olgawood.pl\/pl_PL\/wp-json\/wp\/v2\/pages\/265\/revisions\/823"}],"wp:attachment":[{"href":"https:\/\/olgawood.pl\/pl_PL\/wp-json\/wp\/v2\/media?parent=265"}],"curies":[{"name":"wp","href":"https:\/\/api.w.org\/{rel}","templated":true}]}}