{"id":231,"date":"2023-07-05T17:23:40","date_gmt":"2023-07-05T17:23:40","guid":{"rendered":"https:\/\/test.olgawood.pl\/?page_id=231"},"modified":"2024-07-15T09:51:33","modified_gmt":"2024-07-15T09:51:33","slug":"o-firmie","status":"publish","type":"page","link":"https:\/\/olgawood.pl\/pl_PL\/o-firmie\/","title":{"rendered":"O Firmie"},"content":{"rendered":"<section class=\"wpb-content-wrapper\">[mk_page_section bg_image=&#8221;https:\/\/olgawood.pl\/wp-content\/uploads\/2023\/07\/olga-meble-home.jpg&#8221; bg_color=&#8221;#eeeeee&#8221; attachment=&#8221;fixed&#8221; bg_position=&#8221;center top&#8221; bg_stretch=&#8221;true&#8221; video_color_mask=&#8221;#582e07&#8243; video_opacity=&#8221;0.75&#8243; min_height=&#8221;250&#8243; full_width=&#8221;true&#8221; js_vertical_centered=&#8221;true&#8221; padding_top=&#8221;0&#8243; padding_bottom=&#8221;0&#8243; sidebar=&#8221;sidebar-1&#8243;][vc_column][vc_row_inner][vc_column_inner][mk_ornamental_title text_color=&#8221;#ffffff&#8221; font_family=&#8221;none&#8221; font_size=&#8221;36&#8243; font_weight=&#8221;300&#8243; ornament_style=&#8221;norman-short-single&#8221; nss_align=&#8221;center&#8221; margin_bottom=&#8221;0&#8243;]O FIRMIE[\/mk_ornamental_title][\/vc_column_inner][\/vc_row_inner][\/vc_column][\/mk_page_section][mk_page_section attachment=&#8221;fixed&#8221; bg_position=&#8221;center top&#8221; bg_stretch=&#8221;true&#8221; video_color_mask=&#8221;#ffffff&#8221; video_opacity=&#8221;0.9&#8243; section_id=&#8221;firma&#8221; sidebar=&#8221;sidebar-1&#8243;][vc_column][vc_row_inner][vc_column_inner][mk_padding_divider][mk_ornamental_title text_color=&#8221;#582e07&#8243; font_family=&#8221;none&#8221; font_size=&#8221;36&#8243; font_weight=&#8221;300&#8243; ornament_style=&#8221;norman-short-single&#8221; nss_align=&#8221;center&#8221;]FIRMA[\/mk_ornamental_title][\/vc_column_inner][\/vc_row_inner][vc_row_inner is_fullwidth_content=&#8221;false&#8221; el_class=&#8221;contact-box&#8221;][vc_column_inner width=&#8221;2\/3&#8243;][vc_column_text css=&#8221;.vc_custom_1688578424192{margin-bottom: 0px !important;}&#8221;]Rodzinna firma, prowadzona obecnie przez trzecie pokolenie. Od pocz\u0105tku dzia\u0142alno\u015bci w 1968 roku firma specjalizuje si\u0119 w przerobie drewna d\u0119bowego. Obecnie podstawowa dzia\u0142alno\u015b\u0107 firmy to produkcja klejonki d\u0119bowej litej, ob\u0142ogowanej lub \u0142\u0105czonej, ob\u0142og\u00f3w, fryzy i graniak\u00f3w.<\/p>\n<p>Nasze wyroby z d\u0119bu to p\u00f3\u0142fabrykaty niezb\u0119dne do produkcji schod\u00f3w, drzwi i pod\u0142\u00f3g. Produkujemy p\u0142yty klejone na stopnie do schod\u00f3w, blaty kuchenne, elementy mebli i drzwi.[\/vc_column_text][\/vc_column_inner][vc_column_inner el_class=&#8221;firm-list&#8221; width=&#8221;1\/3&#8243; css=&#8221;.vc_custom_1688582170054{border: 0.5px solid #582e07 !important;}&#8221;][mk_custom_list]\n<ul>\n<li>Produkcja oraz w\u0142asna dystrybucja<\/li>\n<li>Profesjonalne doradztwo<\/li>\n<li>Nowoczesna linia produkcyjna<\/li>\n<li>Najwy\u017cszej klasy materia\u0142y<\/li>\n<li>Ponad 50 lat do\u015bwiadczenia<\/li>\n<li>Uczciwe ceny<\/li>\n<li>Twoja gwarantowana satysfakcja z naszych produkt\u00f3w<\/li>\n<\/ul>\n[\/mk_custom_list][\/vc_column_inner][\/vc_row_inner][mk_padding_divider][\/vc_column][\/mk_page_section][mk_page_section bg_color=&#8221;#f8f8f8&#8243; attachment=&#8221;fixed&#8221; bg_position=&#8221;center top&#8221; bg_stretch=&#8221;true&#8221; video_opacity=&#8221;0.75&#8243; full_width=&#8221;true&#8221; padding_top=&#8221;0&#8243; padding_bottom=&#8221;0&#8243; section_id=&#8221;historia&#8221; sidebar=&#8221;sidebar-1&#8243;][vc_column][vc_separator color=&#8221;custom&#8221; el_width=&#8221;80&#8243; accent_color=&#8221;#582e07&#8243;][vc_row_inner][vc_column_inner][mk_padding_divider][mk_ornamental_title text_color=&#8221;#582e07&#8243; font_family=&#8221;none&#8221; font_size=&#8221;36&#8243; font_weight=&#8221;300&#8243; ornament_style=&#8221;norman-short-single&#8221; nss_align=&#8221;center&#8221;]HISTORIA[\/mk_ornamental_title][mk_padding_divider][\/vc_column_inner][\/vc_row_inner][vc_row_inner is_fullwidth_content=&#8221;false&#8221;][vc_column_inner width=&#8221;2\/3&#8243;][vc_column_text css=&#8221;.vc_custom_1697878892352{margin-bottom: 0px !important;}&#8221;]\n<div class=\"et_pb_column et_pb_column_1_2 et_pb_column_21 et_pb_css_mix_blend_mode_passthrough\">\n<div class=\"et_pb_module et_pb_text et_pb_text_8 et_pb_text_align_left et_pb_bg_layout_light\">\n<div class=\"et_pb_text_inner\">\n<p>Zak\u0142ad stolarski znajdowa\u0142 si\u0119 w Lipinach 66. Pocz\u0105tkowo produkowane by\u0142y elementy beczek do wina oraz graniak\u00f3w d\u0119bowych. Z czasem zbudowana zosta\u0142a suszarnia do drewna oraz rozpocz\u0119\u0142a si\u0119 produkcja parkiet\u00f3w.<\/p>\n<p>Na pocz\u0105tku lat dziewi\u0119\u0107dziesi\u0105tych uruchomiony zosta\u0142 tartak w nowej lokalizacji Lipiny 79. W nowych zabudowaniach znajdowa\u0142 si\u0119 wydajny trak ramowy ESTERER. Sukcesywnie powstawa\u0142y te\u017c suszarnie do drewna.<\/p>\n<p>W 2007 roku firma powi\u0119kszy\u0142a si\u0119 o now\u0105 lokalizacj\u0119 oddalon\u0105 o 3km od tartaku. W Dubinach ul. Szkolna 3 kupione zosta\u0142y zabudowania wraz z maszynami po fabryce produkuj\u0105cej meble kuchenne. Ta lokalizacja jest intensywnie modernizowana po dzi\u015b dzie\u0144. Zbudowano now\u0105 hal\u0119 produkcyjn\u0105, silos na trociny, kot\u0142ownie i suszarnie do drewna. W roku 2007 prowadzenie firmy zosta\u0142o w ca\u0142o\u015bci przej\u0119ta przez S\u0142awomira Bo\u0142tromiuka.<\/p>\n<p>W 2022 roku firma zmienia form\u0119 dzia\u0142alno\u015bci. Nast\u0105pi przekszta\u0142cenie firmy PPHU OLGA S\u0142awomir Bo\u0142tromiuk w sp\u00f3\u0142k\u0119 OLGA Sp. z o.o. W sk\u0142ad zarz\u0105du sp\u00f3\u0142ki wchodz\u0105 synowie S\u0142awomira Bo\u0142tromiuka: Krzysztof i Piotr Bo\u0142tromiuk.<\/p>\n<\/div>\n<\/div>\n<\/div>\n[\/vc_column_text][\/vc_column_inner][vc_column_inner width=&#8221;1\/3&#8243;][mk_image src=&#8221;https:\/\/olgawood.pl\/wp-content\/uploads\/2023\/06\/olga-meble-top.jpg&#8221; image_size=&#8221;full&#8221;][mk_image src=&#8221;https:\/\/olgawood.pl\/wp-content\/uploads\/2023\/07\/img_6420.png&#8221; image_size=&#8221;full&#8221;][mk_image src=&#8221;https:\/\/olgawood.pl\/wp-content\/uploads\/2023\/07\/img_6423.png&#8221; image_size=&#8221;full&#8221;][\/vc_column_inner][\/vc_row_inner][vc_row_inner is_fullwidth_content=&#8221;false&#8221;][vc_column_inner width=&#8221;1\/2&#8243;][mk_image src=&#8221;https:\/\/olgawood.pl\/wp-content\/uploads\/2023\/07\/whatsapp-image-2022-05-04-at-18.16.21.jpeg&#8221; image_size=&#8221;full&#8221;][vc_column_text css=&#8221;.vc_custom_1689741146789{margin-bottom: 0px !important;}&#8221;][\/vc_column_text][\/vc_column_inner][vc_column_inner width=&#8221;1\/2&#8243;][mk_image src=&#8221;https:\/\/olgawood.pl\/wp-content\/uploads\/2023\/07\/3213db8d-c3bd-4a3f-adf6-e2675e9e0b5c.jpg&#8221; image_size=&#8221;full&#8221;][\/vc_column_inner][\/vc_row_inner][mk_padding_divider][\/vc_column][\/mk_page_section][mk_page_section bg_color=&#8221;#f0f0f0&#8243; attachment=&#8221;fixed&#8221; bg_position=&#8221;center top&#8221; bg_stretch=&#8221;true&#8221; video_opacity=&#8221;0.75&#8243; full_width=&#8221;true&#8221; padding_top=&#8221;0&#8243; padding_bottom=&#8221;0&#8243; section_id=&#8221;certyfikaty&#8221; sidebar=&#8221;sidebar-1&#8243;][vc_column][vc_separator color=&#8221;custom&#8221; el_width=&#8221;80&#8243; accent_color=&#8221;#582e07&#8243;][vc_row_inner][vc_column_inner][mk_padding_divider][mk_ornamental_title text_color=&#8221;#582e07&#8243; font_family=&#8221;none&#8221; font_size=&#8221;36&#8243; font_weight=&#8221;300&#8243; ornament_style=&#8221;norman-short-single&#8221; nss_align=&#8221;center&#8221;]CERTYFIKATY[\/mk_ornamental_title][mk_padding_divider][vc_column_text css=&#8221;.vc_custom_1693221532010{margin-bottom: 0px !important;}&#8221;]Certyfikaty ekologiczne w naszej firmie nie s\u0105 jedynie znaczkami \u2013 stanowi\u0105 dow\u00f3d na nasze zaanga\u017cowanie w odpowiedzialne i zr\u00f3wnowa\u017cone gospodarowanie surowcami drzewnymi. Dla nas priorytetem jest nie tylko dostarczanie produkt\u00f3w najwy\u017cszej jako\u015bci, ale tak\u017ce dba\u0142o\u015b\u0107 o \u015brodowisko naturalne. Ekologia oraz odpowiedzialne pozyskiwanie drewna d\u0119bowego s\u0105 kluczowymi elementami naszej filozofii biznesowej. Dzi\u0119ki certyfikatom ekologicznym nasi klienci mog\u0105 by\u0107 pewni, \u017ce drewno, z kt\u00f3rego powstaj\u0105 nasze produkty, pochodzi z legalnych i ekologicznych \u017ar\u00f3de\u0142.[\/vc_column_text][\/vc_column_inner][\/vc_row_inner][vc_row_inner is_fullwidth_content=&#8221;false&#8221; el_class=&#8221;contact-box&#8221;][vc_column_inner width=&#8221;1\/2&#8243;][mk_image src=&#8221;https:\/\/olgawood.pl\/wp-content\/uploads\/2023\/08\/pefc.png&#8221; image_size=&#8221;full&#8221; lightbox=&#8221;true&#8221; align=&#8221;center&#8221;][\/vc_column_inner][vc_column_inner width=&#8221;1\/2&#8243;][mk_image src=&#8221;https:\/\/olgawood.pl\/wp-content\/uploads\/2023\/08\/fsc.png&#8221; image_size=&#8221;full&#8221; lightbox=&#8221;true&#8221; align=&#8221;center&#8221;][\/vc_column_inner][\/vc_row_inner][mk_padding_divider][\/vc_column][\/mk_page_section]\n<\/section>","protected":false},"excerpt":{"rendered":"<p>[mk_page_section bg_image=&#8221;https:\/\/olgawood.pl\/wp-content\/uploads\/2023\/07\/olga-meble-home.jpg&#8221; bg_color=&#8221;#eeeeee&#8221; attachment=&#8221;fixed&#8221; bg_position=&#8221;center top&#8221; bg_stretch=&#8221;true&#8221; video_color_mask=&#8221;#582e07&#8243; video_opacity=&#8221;0.75&#8243; min_height=&#8221;250&#8243; full_widt&#8230;<\/p>\n","protected":false},"author":1,"featured_media":0,"parent":0,"menu_order":0,"comment_status":"closed","ping_status":"closed","template":"","meta":{"footnotes":""},"class_list":["post-231","page","type-page","status-publish","hentry"],"_links":{"self":[{"href":"https:\/\/olgawood.pl\/pl_PL\/wp-json\/wp\/v2\/pages\/231","targetHints":{"allow":["GET"]}}],"collection":[{"href":"https:\/\/olgawood.pl\/pl_PL\/wp-json\/wp\/v2\/pages"}],"about":[{"href":"https:\/\/olgawood.pl\/pl_PL\/wp-json\/wp\/v2\/types\/page"}],"author":[{"embeddable":true,"href":"https:\/\/olgawood.pl\/pl_PL\/wp-json\/wp\/v2\/users\/1"}],"replies":[{"embeddable":true,"href":"https:\/\/olgawood.pl\/pl_PL\/wp-json\/wp\/v2\/comments?post=231"}],"version-history":[{"count":85,"href":"https:\/\/olgawood.pl\/pl_PL\/wp-json\/wp\/v2\/pages\/231\/revisions"}],"predecessor-version":[{"id":827,"href":"https:\/\/olgawood.pl\/pl_PL\/wp-json\/wp\/v2\/pages\/231\/revisions\/827"}],"wp:attachment":[{"href":"https:\/\/olgawood.pl\/pl_PL\/wp-json\/wp\/v2\/media?parent=231"}],"curies":[{"name":"wp","href":"https:\/\/api.w.org\/{rel}","templated":true}]}}