{"id":231,"date":"2023-07-05T17:23:40","date_gmt":"2023-07-05T17:23:40","guid":{"rendered":"https:\/\/test.olgawood.pl\/?page_id=231"},"modified":"2024-07-15T09:51:33","modified_gmt":"2024-07-15T09:51:33","slug":"o-firmie","status":"publish","type":"page","link":"https:\/\/olgawood.pl\/en_GB\/o-firmie\/","title":{"rendered":"About Us"},"content":{"rendered":"<section class=\"wpb-content-wrapper\">[mk_page_section bg_image=&#8221;https:\/\/olgawood.pl\/wp-content\/uploads\/2023\/07\/olga-meble-home.jpg&#8221; bg_color=&#8221;#eeeeee&#8221; attachment=&#8221;fixed&#8221; bg_position=&#8221;center top&#8221; bg_stretch=&#8221;true&#8221; video_color_mask=&#8221;#582e07&#8243; video_opacity=&#8221;0.75&#8243; min_height=&#8221;250&#8243; full_width=&#8221;true&#8221; js_vertical_centered=&#8221;true&#8221; padding_top=&#8221;0&#8243; padding_bottom=&#8221;0&#8243; sidebar=&#8221;sidebar-1&#8243;][vc_column][vc_row_inner][vc_column_inner][mk_ornamental_title text_color=&#8221;#ffffff&#8221; font_family=&#8221;none&#8221; font_size=&#8221;36&#8243; font_weight=&#8221;300&#8243; ornament_style=&#8221;norman-short-single&#8221; nss_align=&#8221;center&#8221; margin_bottom=&#8221;0&#8243;]ABOUT US[\/mk_ornamental_title][\/vc_column_inner][\/vc_row_inner][\/vc_column][\/mk_page_section][mk_page_section attachment=&#8221;fixed&#8221; bg_position=&#8221;center top&#8221; bg_stretch=&#8221;true&#8221; video_color_mask=&#8221;#ffffff&#8221; video_opacity=&#8221;0.9&#8243; section_id=&#8221;firma&#8221; sidebar=&#8221;sidebar-1&#8243;][vc_column][vc_row_inner][vc_column_inner][mk_padding_divider][mk_ornamental_title text_color=&#8221;#582e07&#8243; font_family=&#8221;none&#8221; font_size=&#8221;36&#8243; font_weight=&#8221;300&#8243; ornament_style=&#8221;norman-short-single&#8221; nss_align=&#8221;center&#8221;]COMPANY[\/mk_ornamental_title][\/vc_column_inner][\/vc_row_inner][vc_row_inner is_fullwidth_content=&#8221;false&#8221; el_class=&#8221;contact-box&#8221;][vc_column_inner width=&#8221;2\/3&#8243;][vc_column_text css=&#8221;.vc_custom_1697878751016{margin-bottom: 0px !important;}&#8221;]Family-owned business, currently run by the third generation. Since its inception in 1968, the company has specialized in the processing of oak wood. Currently, the company&#8217;s core activities include the production of solid, veneered, or joined oak glued panels, veneers, edging, and beams.<\/p>\n<p>Our oak products are semi-finished goods essential for the production of stairs, doors, and floors. We produce glued panels for stair treads, kitchen countertops, furniture components, and doors.[\/vc_column_text][\/vc_column_inner][\/vc_row_inner][mk_padding_divider][\/vc_column][\/mk_page_section][mk_page_section bg_color=&#8221;#f8f8f8&#8243; attachment=&#8221;fixed&#8221; bg_position=&#8221;center top&#8221; bg_stretch=&#8221;true&#8221; video_opacity=&#8221;0.75&#8243; full_width=&#8221;true&#8221; padding_top=&#8221;0&#8243; padding_bottom=&#8221;0&#8243; section_id=&#8221;historia&#8221; sidebar=&#8221;sidebar-1&#8243;][vc_column][vc_separator color=&#8221;custom&#8221; el_width=&#8221;80&#8243; accent_color=&#8221;#582e07&#8243;][vc_row_inner][vc_column_inner][mk_padding_divider][mk_ornamental_title text_color=&#8221;#582e07&#8243; font_family=&#8221;none&#8221; font_size=&#8221;36&#8243; font_weight=&#8221;300&#8243; ornament_style=&#8221;norman-short-single&#8221; nss_align=&#8221;center&#8221;]HISTORIA[\/mk_ornamental_title][mk_padding_divider][\/vc_column_inner][\/vc_row_inner][vc_row_inner is_fullwidth_content=&#8221;false&#8221;][vc_column_inner width=&#8221;2\/3&#8243;][vc_column_text css=&#8221;.vc_custom_1697878872932{margin-bottom: 0px !important;}&#8221;]\n<div class=\"et_pb_column et_pb_column_1_2 et_pb_column_21 et_pb_css_mix_blend_mode_passthrough\">\n<div class=\"et_pb_module et_pb_text et_pb_text_8 et_pb_text_align_left et_pb_bg_layout_light\">\n<div class=\"et_pb_text_inner\">\n<p>The carpentry workshop was originally located in Lipiny 66. Initially, the company produced barrel elements for wine and oak beams. Over time, a wood drying facility was built, and the production of parquet flooring began.<\/p>\n<p>In the early 1990s, a sawmill was launched at a new location, Lipiny 79. The new facility housed an efficient ESTERER frame saw. Additional wood-drying facilities were also gradually established.<\/p>\n<p>In 2007, the company expanded to a new location 3 km away from the sawmill. At Dubiny, Szkolna Street 3, buildings and machinery from a kitchen furniture manufacturing plant were acquired. This location has been intensively modernized to this day. A new production hall, woodchip silo, boiler room, and wood drying facilities were built. In 2007, the company&#8217;s management was fully taken over by S\u0142awomir Bo\u0142tromiuk.<\/p>\n<p>In 2022, the company changed its form of operation. The transformation of PPHU OLGA S\u0142awomir Bo\u0142tromiuk into OLGA Sp. z o.o. took place. The board of the company now includes the sons of S\u0142awomir Bo\u0142tromiuk: Krzysztof and Piotr Bo\u0142tromiuk.<\/p>\n<\/div>\n<\/div>\n<\/div>\n[\/vc_column_text][\/vc_column_inner][vc_column_inner width=&#8221;1\/3&#8243;][mk_image src=&#8221;https:\/\/olgawood.pl\/wp-content\/uploads\/2023\/06\/olga-meble-top.jpg&#8221; image_size=&#8221;full&#8221;][mk_image src=&#8221;https:\/\/olgawood.pl\/wp-content\/uploads\/2023\/07\/img_6420.png&#8221; image_size=&#8221;full&#8221;][mk_image src=&#8221;https:\/\/olgawood.pl\/wp-content\/uploads\/2023\/07\/img_6423.png&#8221; image_size=&#8221;full&#8221;][\/vc_column_inner][\/vc_row_inner][mk_padding_divider][\/vc_column][\/mk_page_section][mk_page_section bg_color=&#8221;#f0f0f0&#8243; attachment=&#8221;fixed&#8221; bg_position=&#8221;center top&#8221; bg_stretch=&#8221;true&#8221; video_opacity=&#8221;0.75&#8243; full_width=&#8221;true&#8221; padding_top=&#8221;0&#8243; padding_bottom=&#8221;0&#8243; section_id=&#8221;certyfikaty&#8221; sidebar=&#8221;sidebar-1&#8243;][vc_column][vc_separator color=&#8221;custom&#8221; el_width=&#8221;80&#8243; accent_color=&#8221;#582e07&#8243;][vc_row_inner][vc_column_inner][mk_padding_divider][mk_ornamental_title text_color=&#8221;#582e07&#8243; font_family=&#8221;none&#8221; font_size=&#8221;36&#8243; font_weight=&#8221;300&#8243; ornament_style=&#8221;norman-short-single&#8221; nss_align=&#8221;center&#8221;]CERTIFICATES[\/mk_ornamental_title][mk_padding_divider][\/vc_column_inner][\/vc_row_inner][vc_row_inner is_fullwidth_content=&#8221;false&#8221; el_class=&#8221;contact-box&#8221;][vc_column_inner width=&#8221;1\/2&#8243;][mk_image src=&#8221;https:\/\/olgawood.pl\/wp-content\/uploads\/2023\/08\/fsc.png&#8221; image_size=&#8221;full&#8221; lightbox=&#8221;true&#8221; align=&#8221;center&#8221;][\/vc_column_inner][vc_column_inner width=&#8221;1\/2&#8243;][mk_image src=&#8221;https:\/\/olgawood.pl\/wp-content\/uploads\/2023\/08\/pefc.png&#8221; image_size=&#8221;full&#8221; lightbox=&#8221;true&#8221; align=&#8221;center&#8221;][\/vc_column_inner][\/vc_row_inner][mk_padding_divider][\/vc_column][\/mk_page_section]\n<\/section>","protected":false},"excerpt":{"rendered":"<p>[mk_page_section bg_image=&#8221;https:\/\/olgawood.pl\/wp-content\/uploads\/2023\/07\/olga-meble-home.jpg&#8221; bg_color=&#8221;#eeeeee&#8221; attachment=&#8221;fixed&#8221; bg_position=&#8221;center top&#8221; bg_stretch=&#8221;true&#8221; video_color_mask=&#8221;#582e07&#8243; video_opacity=&#8221;0.75&#8243; min_height=&#8221;250&#8243; full_widt&#8230;<\/p>\n","protected":false},"author":1,"featured_media":0,"parent":0,"menu_order":0,"comment_status":"closed","ping_status":"closed","template":"","meta":{"footnotes":""},"class_list":["post-231","page","type-page","status-publish","hentry"],"_links":{"self":[{"href":"https:\/\/olgawood.pl\/en_GB\/wp-json\/wp\/v2\/pages\/231","targetHints":{"allow":["GET"]}}],"collection":[{"href":"https:\/\/olgawood.pl\/en_GB\/wp-json\/wp\/v2\/pages"}],"about":[{"href":"https:\/\/olgawood.pl\/en_GB\/wp-json\/wp\/v2\/types\/page"}],"author":[{"embeddable":true,"href":"https:\/\/olgawood.pl\/en_GB\/wp-json\/wp\/v2\/users\/1"}],"replies":[{"embeddable":true,"href":"https:\/\/olgawood.pl\/en_GB\/wp-json\/wp\/v2\/comments?post=231"}],"version-history":[{"count":85,"href":"https:\/\/olgawood.pl\/en_GB\/wp-json\/wp\/v2\/pages\/231\/revisions"}],"predecessor-version":[{"id":827,"href":"https:\/\/olgawood.pl\/en_GB\/wp-json\/wp\/v2\/pages\/231\/revisions\/827"}],"wp:attachment":[{"href":"https:\/\/olgawood.pl\/en_GB\/wp-json\/wp\/v2\/media?parent=231"}],"curies":[{"name":"wp","href":"https:\/\/api.w.org\/{rel}","templated":true}]}}